{"id":433,"date":"2022-08-17T08:02:29","date_gmt":"2022-08-17T06:02:29","guid":{"rendered":"http:\/\/102024.web.zcom.it\/datenschutzerklaerung\/"},"modified":"2025-01-22T08:05:24","modified_gmt":"2025-01-22T07:05:24","slug":"privacy-policy","status":"publish","type":"page","link":"https:\/\/formetall.it\/it\/privacy-policy\/","title":{"rendered":"Privacy Policy"},"content":{"rendered":"[vc_row type=&#8221;in_container&#8221; full_screen_row_position=&#8221;middle&#8221; column_margin=&#8221;default&#8221; column_direction=&#8221;default&#8221; column_direction_tablet=&#8221;default&#8221; column_direction_phone=&#8221;default&#8221; scene_position=&#8221;center&#8221; top_padding=&#8221;3%&#8221; constrain_group_1=&#8221;yes&#8221; bottom_padding=&#8221;3%&#8221; text_color=&#8221;dark&#8221; text_align=&#8221;left&#8221; row_border_radius=&#8221;none&#8221; row_border_radius_applies=&#8221;bg&#8221; overflow=&#8221;visible&#8221; overlay_strength=&#8221;0.3&#8243; gradient_direction=&#8221;left_to_right&#8221; shape_divider_position=&#8221;bottom&#8221; bg_image_animation=&#8221;none&#8221; gradient_type=&#8221;default&#8221; shape_type=&#8221;&#8221;][vc_column column_padding=&#8221;no-extra-padding&#8221; column_padding_tablet=&#8221;inherit&#8221; column_padding_phone=&#8221;inherit&#8221; column_padding_position=&#8221;all&#8221; column_element_direction_desktop=&#8221;default&#8221; column_element_spacing=&#8221;default&#8221; desktop_text_alignment=&#8221;default&#8221; tablet_text_alignment=&#8221;default&#8221; phone_text_alignment=&#8221;default&#8221; background_color_opacity=&#8221;1&#8243; background_hover_color_opacity=&#8221;1&#8243; column_backdrop_filter=&#8221;none&#8221; column_shadow=&#8221;none&#8221; column_border_radius=&#8221;none&#8221; column_link_target=&#8221;_self&#8221; column_position=&#8221;default&#8221; gradient_direction=&#8221;left_to_right&#8221; overlay_strength=&#8221;0.3&#8243; width=&#8221;1\/1&#8243; tablet_width_inherit=&#8221;default&#8221; animation_type=&#8221;default&#8221; bg_image_animation=&#8221;none&#8221; border_type=&#8221;simple&#8221; column_border_width=&#8221;none&#8221; column_border_style=&#8221;solid&#8221;][vc_column_text css=&#8221;&#8221; text_direction=&#8221;default&#8221;]<strong>Informativa sulla privacy<\/strong><\/p>\n<ol>\n<li><strong>Finalit\u00e0 del trattamento dei dati personali<\/strong><br \/>\nI dati personali che Lei fornisce alla Formetall SAS di G\u00f6gele M. &amp; Co, con sede in 39013 Moso in Passiria, sono necessari per l&#8217;erogazione dei servizi previsti dal contratto nell&#8217;ambito della carpenteria metallica e della lavorazione del ferro battuto.<\/li>\n<li><strong>Conferimento volontario dei dati personali<\/strong><br \/>\nNon \u00e8 obbligatorio fornire dati personali all&#8217;azienda. Tuttavia, per usufruire dei servizi offerti, sono necessarie alcune informazioni personali al fine di garantire un&#8217;esecuzione precisa e corretta delle prestazioni richieste.<br \/>\nL&#8217;azienda informa che vengono raccolti e trattati esclusivamente dati personali comuni e non categorie particolari di dati personali. Il trattamento avviene nel rispetto dei principi stabiliti dalla normativa europea sulla protezione dei dati personali (Regolamento UE 2016\/679, di seguito &#8220;GDPR&#8221;).<\/li>\n<li><strong>Comunicazione dei dati a terzi<\/strong><br \/>\nI Suoi dati personali possono essere comunicati, esclusivamente per l&#8217;esecuzione del servizio richiesto, a terzi o a categorie di terzi, quali:<\/li>\n<\/ol>\n<ul>\n<li>Consulenti economici<\/li>\n<li>Consulenti fiscali<\/li>\n<li>Istituti bancari<\/li>\n<li>Aziende di trasporto<\/li>\n<li>Software con archiviazione in cloud<\/li>\n<\/ul>\n<ol start=\"4\">\n<li><strong>Comunicazione dei dati a paesi terzi o organizzazioni internazionali<\/strong><br \/>\nIn linea generale, i dati personali non vengono trasferiti a destinatari in paesi terzi o a organizzazioni internazionali. Qualora si renda necessario, l&#8217;azienda richieder\u00e0 un&#8217;autorizzazione specifica e il trasferimento avverr\u00e0 in conformit\u00e0 all&#8217;art. 46 del GDPR.<\/li>\n<li><strong>Responsabile della protezione dei dati<\/strong><br \/>\nIl responsabile per la raccolta e il trattamento dei dati personali \u00e8 Formetall SAS di G\u00f6gele M. &amp; Co, con sede legale in 39013 Moso in Passiria (BZ), Via Platter 26, telefono 0473 649051, e-mail <a rel=\"noopener\">info@formetall.it<\/a>. La persona di riferimento per l&#8217;esercizio dei Suoi diritti ai sensi del GDPR \u00e8 il rappresentante legale dell&#8217;azienda. Per esercitare i diritti previsti dalla normativa, \u00e8 possibile contattare il responsabile presso la sede aziendale, telefonicamente al numero 0473 649051 o per iscritto all&#8217;indirizzo <a rel=\"noopener\">info@formetall.it<\/a>.<\/li>\n<li><strong>Tipologia di dati personali e modalit\u00e0 di trattamento<\/strong><br \/>\nI dati personali raccolti e trattati si riferiscono esclusivamente alle finalit\u00e0 necessarie per l&#8217;esecuzione delle attivit\u00e0 o dei servizi offerti. Vengono raccolti solo i dati adeguati e pertinenti allo scopo:<\/li>\n<\/ol>\n<ul>\n<li>Nome e cognome per l&#8217;identificazione personale e l&#8217;erogazione del servizio;<\/li>\n<li>Codice fiscale per la fatturazione;<\/li>\n<li>Data di nascita per l&#8217;identificazione personale;<\/li>\n<li>Indirizzo per comunicazioni di natura amministrativa;<\/li>\n<li>Numero di telefono per comunicazioni amministrative;<\/li>\n<li>E-mail per comunicazioni amministrative.<br \/>\nIl trattamento dei dati avviene sia in formato cartaceo che digitale, garantendo il massimo livello di protezione attraverso adeguati sistemi di sicurezza. I dati non vengono trattati con processi decisionali automatizzati, incluso il profiling.<\/li>\n<\/ul>\n<ol start=\"7\">\n<li><strong>Diritto di accesso ai dati<\/strong><br \/>\nLei ha il diritto di conoscere:<\/li>\n<\/ol>\n<ul>\n<li>L&#8217;origine dei dati personali;<\/li>\n<li>Le finalit\u00e0 e le modalit\u00e0 del trattamento;<\/li>\n<li>Il sistema applicato, se i dati sono trattati con strumenti elettronici.<\/li>\n<\/ul>\n<ol start=\"8\">\n<li><strong>Durata del trattamento<\/strong><br \/>\nI dati personali vengono trattati solo per il tempo necessario all&#8217;erogazione del servizio e conservati per il periodo previsto dalle disposizioni di legge in materia civile, fiscale e del lavoro.<\/li>\n<li><strong>Diritti dell&#8217;interessato e reclamo presso l&#8217;autorit\u00e0 di controllo<\/strong><br \/>\nLei ha il diritto di chiedere la rettifica o la cancellazione dei Suoi dati personali, di opporsi al trattamento o di richiedere una limitazione dello stesso. \u00c8 possibile presentare un reclamo all&#8217;autorit\u00e0 garante per la protezione dei dati personali in caso di violazioni.<\/li>\n<li><strong>Diritto alla portabilit\u00e0 dei dati e rilascio di copie<\/strong><br \/>\nLei ha il diritto di ricevere i dati personali forniti in un formato strutturato, di uso comune e leggibile, e di richiedere la trasmissione diretta degli stessi a un altro soggetto. Pu\u00f2 richiedere una copia dei dati trattati; salvo richiesta specifica per il formato cartaceo, le copie verranno fornite in formato elettronico.<\/li>\n<\/ol>\n[\/vc_column_text][\/vc_column][\/vc_row]\n","protected":false},"excerpt":{"rendered":"<p>[vc_row type=&#8221;in_container&#8221; full_screen_row_position=&#8221;middle&#8221; column_margin=&#8221;default&#8221; column_direction=&#8221;default&#8221; column_direction_tablet=&#8221;default&#8221; column_direction_phone=&#8221;default&#8221; scene_position=&#8221;center&#8221; top_padding=&#8221;3%&#8221; constrain_group_1=&#8221;yes&#8221; bottom_padding=&#8221;3%&#8221; text_color=&#8221;dark&#8221; text_align=&#8221;left&#8221; row_border_radius=&#8221;none&#8221; row_border_radius_applies=&#8221;bg&#8221; overflow=&#8221;visible&#8221; overlay_strength=&#8221;0.3&#8243; gradient_direction=&#8221;left_to_right&#8221; shape_divider_position=&#8221;bottom&#8221; bg_image_animation=&#8221;none&#8221; gradient_type=&#8221;default&#8221; shape_type=&#8221;&#8221;][vc_column column_padding=&#8221;no-extra-padding&#8221; column_padding_tablet=&#8221;inherit&#8221; column_padding_phone=&#8221;inherit&#8221; column_padding_position=&#8221;all&#8221; column_element_direction_desktop=&#8221;default&#8221; column_element_spacing=&#8221;default&#8221; desktop_text_alignment=&#8221;default&#8221; tablet_text_alignment=&#8221;default&#8221;&#8230;<\/p>\n","protected":false},"author":1,"featured_media":0,"parent":0,"menu_order":0,"comment_status":"closed","ping_status":"open","template":"","meta":{"footnotes":""},"class_list":["post-433","page","type-page","status-publish"],"yoast_head":"<!-- This site is optimized with the Yoast SEO plugin v27.2 - https:\/\/yoast.com\/product\/yoast-seo-wordpress\/ -->\n<title>Privacy Policy &#8211; Moderne und traditionelle Schmiedetechnik - Formetall KG<\/title>\n<meta name=\"robots\" content=\"index, follow, max-snippet:-1, max-image-preview:large, max-video-preview:-1\" \/>\n<link rel=\"canonical\" href=\"https:\/\/formetall.it\/it\/privacy-policy\/\" \/>\n<meta property=\"og:locale\" content=\"it_IT\" \/>\n<meta property=\"og:type\" content=\"article\" \/>\n<meta property=\"og:title\" content=\"Privacy Policy &#8211; Moderne und traditionelle Schmiedetechnik - Formetall KG\" \/>\n<meta property=\"og:description\" content=\"[vc_row type=&#8221;in_container&#8221; full_screen_row_position=&#8221;middle&#8221; column_margin=&#8221;default&#8221; column_direction=&#8221;default&#8221; column_direction_tablet=&#8221;default&#8221; column_direction_phone=&#8221;default&#8221; scene_position=&#8221;center&#8221; top_padding=&#8221;3%&#8221; constrain_group_1=&#8221;yes&#8221; bottom_padding=&#8221;3%&#8221; text_color=&#8221;dark&#8221; text_align=&#8221;left&#8221; row_border_radius=&#8221;none&#8221; row_border_radius_applies=&#8221;bg&#8221; overflow=&#8221;visible&#8221; overlay_strength=&#8221;0.3&#8243; gradient_direction=&#8221;left_to_right&#8221; shape_divider_position=&#8221;bottom&#8221; bg_image_animation=&#8221;none&#8221; gradient_type=&#8221;default&#8221; shape_type=&#8221;&#8221;][vc_column column_padding=&#8221;no-extra-padding&#8221; column_padding_tablet=&#8221;inherit&#8221; column_padding_phone=&#8221;inherit&#8221; column_padding_position=&#8221;all&#8221; column_element_direction_desktop=&#8221;default&#8221; column_element_spacing=&#8221;default&#8221; desktop_text_alignment=&#8221;default&#8221; tablet_text_alignment=&#8221;default&#8221;...\" \/>\n<meta property=\"og:url\" content=\"https:\/\/formetall.it\/it\/privacy-policy\/\" \/>\n<meta property=\"og:site_name\" content=\"Moderne und traditionelle Schmiedetechnik - Formetall KG\" \/>\n<meta property=\"article:modified_time\" content=\"2025-01-22T07:05:24+00:00\" \/>\n<meta property=\"og:image\" content=\"https:\/\/formetall.it\/wp-content\/uploads\/2023\/10\/gelaender.jpg\" \/>\n\t<meta property=\"og:image:width\" content=\"495\" \/>\n\t<meta property=\"og:image:height\" content=\"350\" \/>\n\t<meta property=\"og:image:type\" content=\"image\/jpeg\" \/>\n<meta name=\"twitter:card\" content=\"summary_large_image\" \/>\n<meta name=\"twitter:label1\" content=\"Tempo di lettura stimato\" \/>\n\t<meta name=\"twitter:data1\" content=\"4 minuti\" \/>\n<script type=\"application\/ld+json\" class=\"yoast-schema-graph\">{\"@context\":\"https:\/\/schema.org\",\"@graph\":[{\"@type\":\"WebPage\",\"@id\":\"https:\/\/formetall.it\/it\/privacy-policy\/\",\"url\":\"https:\/\/formetall.it\/it\/privacy-policy\/\",\"name\":\"Privacy Policy &#8211; Moderne und traditionelle Schmiedetechnik - Formetall KG\",\"isPartOf\":{\"@id\":\"https:\/\/formetall.it\/#website\"},\"datePublished\":\"2022-08-17T06:02:29+00:00\",\"dateModified\":\"2025-01-22T07:05:24+00:00\",\"breadcrumb\":{\"@id\":\"https:\/\/formetall.it\/it\/privacy-policy\/#breadcrumb\"},\"inLanguage\":\"it-IT\",\"potentialAction\":[{\"@type\":\"ReadAction\",\"target\":[\"https:\/\/formetall.it\/it\/privacy-policy\/\"]}]},{\"@type\":\"BreadcrumbList\",\"@id\":\"https:\/\/formetall.it\/it\/privacy-policy\/#breadcrumb\",\"itemListElement\":[{\"@type\":\"ListItem\",\"position\":1,\"name\":\"Startseite\",\"item\":\"https:\/\/formetall.it\/it\/\"},{\"@type\":\"ListItem\",\"position\":2,\"name\":\"Privacy Policy\"}]},{\"@type\":\"WebSite\",\"@id\":\"https:\/\/formetall.it\/#website\",\"url\":\"https:\/\/formetall.it\/\",\"name\":\"Moderne und traditionelle Schmiedetechnik - Formetall KG\",\"description\":\"Schmiedekunst und Schlosserarbeiten im Passeiertal\",\"publisher\":{\"@id\":\"https:\/\/formetall.it\/#organization\"},\"potentialAction\":[{\"@type\":\"SearchAction\",\"target\":{\"@type\":\"EntryPoint\",\"urlTemplate\":\"https:\/\/formetall.it\/?s={search_term_string}\"},\"query-input\":{\"@type\":\"PropertyValueSpecification\",\"valueRequired\":true,\"valueName\":\"search_term_string\"}}],\"inLanguage\":\"it-IT\"},{\"@type\":\"Organization\",\"@id\":\"https:\/\/formetall.it\/#organization\",\"name\":\"Moderne und traditionelle Schmiedetechnik - Formetall KG\",\"url\":\"https:\/\/formetall.it\/\",\"logo\":{\"@type\":\"ImageObject\",\"inLanguage\":\"it-IT\",\"@id\":\"https:\/\/formetall.it\/#\/schema\/logo\/image\/\",\"url\":\"https:\/\/formetall.it\/wp-content\/uploads\/2023\/10\/formetall-logo.png\",\"contentUrl\":\"https:\/\/formetall.it\/wp-content\/uploads\/2023\/10\/formetall-logo.png\",\"width\":400,\"height\":338,\"caption\":\"Moderne und traditionelle Schmiedetechnik - Formetall KG\"},\"image\":{\"@id\":\"https:\/\/formetall.it\/#\/schema\/logo\/image\/\"}}]}<\/script>\n<!-- \/ Yoast SEO plugin. -->","yoast_head_json":{"title":"Privacy Policy &#8211; Moderne und traditionelle Schmiedetechnik - Formetall KG","robots":{"index":"index","follow":"follow","max-snippet":"max-snippet:-1","max-image-preview":"max-image-preview:large","max-video-preview":"max-video-preview:-1"},"canonical":"https:\/\/formetall.it\/it\/privacy-policy\/","og_locale":"it_IT","og_type":"article","og_title":"Privacy Policy &#8211; Moderne und traditionelle Schmiedetechnik - Formetall KG","og_description":"[vc_row type=&#8221;in_container&#8221; full_screen_row_position=&#8221;middle&#8221; column_margin=&#8221;default&#8221; column_direction=&#8221;default&#8221; column_direction_tablet=&#8221;default&#8221; column_direction_phone=&#8221;default&#8221; scene_position=&#8221;center&#8221; top_padding=&#8221;3%&#8221; constrain_group_1=&#8221;yes&#8221; bottom_padding=&#8221;3%&#8221; text_color=&#8221;dark&#8221; text_align=&#8221;left&#8221; row_border_radius=&#8221;none&#8221; row_border_radius_applies=&#8221;bg&#8221; overflow=&#8221;visible&#8221; overlay_strength=&#8221;0.3&#8243; gradient_direction=&#8221;left_to_right&#8221; shape_divider_position=&#8221;bottom&#8221; bg_image_animation=&#8221;none&#8221; gradient_type=&#8221;default&#8221; shape_type=&#8221;&#8221;][vc_column column_padding=&#8221;no-extra-padding&#8221; column_padding_tablet=&#8221;inherit&#8221; column_padding_phone=&#8221;inherit&#8221; column_padding_position=&#8221;all&#8221; column_element_direction_desktop=&#8221;default&#8221; column_element_spacing=&#8221;default&#8221; desktop_text_alignment=&#8221;default&#8221; tablet_text_alignment=&#8221;default&#8221;...","og_url":"https:\/\/formetall.it\/it\/privacy-policy\/","og_site_name":"Moderne und traditionelle Schmiedetechnik - Formetall KG","article_modified_time":"2025-01-22T07:05:24+00:00","og_image":[{"width":495,"height":350,"url":"https:\/\/formetall.it\/wp-content\/uploads\/2023\/10\/gelaender.jpg","type":"image\/jpeg"}],"twitter_card":"summary_large_image","twitter_misc":{"Tempo di lettura stimato":"4 minuti"},"schema":{"@context":"https:\/\/schema.org","@graph":[{"@type":"WebPage","@id":"https:\/\/formetall.it\/it\/privacy-policy\/","url":"https:\/\/formetall.it\/it\/privacy-policy\/","name":"Privacy Policy &#8211; Moderne und traditionelle Schmiedetechnik - Formetall KG","isPartOf":{"@id":"https:\/\/formetall.it\/#website"},"datePublished":"2022-08-17T06:02:29+00:00","dateModified":"2025-01-22T07:05:24+00:00","breadcrumb":{"@id":"https:\/\/formetall.it\/it\/privacy-policy\/#breadcrumb"},"inLanguage":"it-IT","potentialAction":[{"@type":"ReadAction","target":["https:\/\/formetall.it\/it\/privacy-policy\/"]}]},{"@type":"BreadcrumbList","@id":"https:\/\/formetall.it\/it\/privacy-policy\/#breadcrumb","itemListElement":[{"@type":"ListItem","position":1,"name":"Startseite","item":"https:\/\/formetall.it\/it\/"},{"@type":"ListItem","position":2,"name":"Privacy Policy"}]},{"@type":"WebSite","@id":"https:\/\/formetall.it\/#website","url":"https:\/\/formetall.it\/","name":"Moderne und traditionelle Schmiedetechnik - Formetall KG","description":"Schmiedekunst und Schlosserarbeiten im Passeiertal","publisher":{"@id":"https:\/\/formetall.it\/#organization"},"potentialAction":[{"@type":"SearchAction","target":{"@type":"EntryPoint","urlTemplate":"https:\/\/formetall.it\/?s={search_term_string}"},"query-input":{"@type":"PropertyValueSpecification","valueRequired":true,"valueName":"search_term_string"}}],"inLanguage":"it-IT"},{"@type":"Organization","@id":"https:\/\/formetall.it\/#organization","name":"Moderne und traditionelle Schmiedetechnik - Formetall KG","url":"https:\/\/formetall.it\/","logo":{"@type":"ImageObject","inLanguage":"it-IT","@id":"https:\/\/formetall.it\/#\/schema\/logo\/image\/","url":"https:\/\/formetall.it\/wp-content\/uploads\/2023\/10\/formetall-logo.png","contentUrl":"https:\/\/formetall.it\/wp-content\/uploads\/2023\/10\/formetall-logo.png","width":400,"height":338,"caption":"Moderne und traditionelle Schmiedetechnik - Formetall KG"},"image":{"@id":"https:\/\/formetall.it\/#\/schema\/logo\/image\/"}}]}},"_links":{"self":[{"href":"https:\/\/formetall.it\/it\/wp-json\/wp\/v2\/pages\/433","targetHints":{"allow":["GET"]}}],"collection":[{"href":"https:\/\/formetall.it\/it\/wp-json\/wp\/v2\/pages"}],"about":[{"href":"https:\/\/formetall.it\/it\/wp-json\/wp\/v2\/types\/page"}],"author":[{"embeddable":true,"href":"https:\/\/formetall.it\/it\/wp-json\/wp\/v2\/users\/1"}],"replies":[{"embeddable":true,"href":"https:\/\/formetall.it\/it\/wp-json\/wp\/v2\/comments?post=433"}],"version-history":[{"count":3,"href":"https:\/\/formetall.it\/it\/wp-json\/wp\/v2\/pages\/433\/revisions"}],"predecessor-version":[{"id":436,"href":"https:\/\/formetall.it\/it\/wp-json\/wp\/v2\/pages\/433\/revisions\/436"}],"wp:attachment":[{"href":"https:\/\/formetall.it\/it\/wp-json\/wp\/v2\/media?parent=433"}],"curies":[{"name":"wp","href":"https:\/\/api.w.org\/{rel}","templated":true}]}}