{"id":443,"date":"2025-01-22T08:11:24","date_gmt":"2025-01-22T07:11:24","guid":{"rendered":"http:\/\/102024.web.zcom.it\/impressum\/"},"modified":"2025-01-22T08:50:54","modified_gmt":"2025-01-22T07:50:54","slug":"imprint","status":"publish","type":"page","link":"https:\/\/formetall.it\/it\/imprint\/","title":{"rendered":"Imprint"},"content":{"rendered":"[vc_row type=&#8221;in_container&#8221; full_screen_row_position=&#8221;middle&#8221; column_margin=&#8221;default&#8221; column_direction=&#8221;default&#8221; column_direction_tablet=&#8221;default&#8221; column_direction_phone=&#8221;default&#8221; scene_position=&#8221;center&#8221; text_color=&#8221;dark&#8221; text_align=&#8221;left&#8221; row_border_radius=&#8221;none&#8221; row_border_radius_applies=&#8221;bg&#8221; overflow=&#8221;visible&#8221; overlay_strength=&#8221;0.3&#8243; gradient_direction=&#8221;left_to_right&#8221; shape_divider_position=&#8221;bottom&#8221; bg_image_animation=&#8221;none&#8221;][vc_column column_padding=&#8221;no-extra-padding&#8221; column_padding_tablet=&#8221;inherit&#8221; column_padding_phone=&#8221;inherit&#8221; column_padding_position=&#8221;all&#8221; column_element_direction_desktop=&#8221;default&#8221; column_element_spacing=&#8221;default&#8221; desktop_text_alignment=&#8221;default&#8221; tablet_text_alignment=&#8221;default&#8221; phone_text_alignment=&#8221;default&#8221; background_color_opacity=&#8221;1&#8243; background_hover_color_opacity=&#8221;1&#8243; column_backdrop_filter=&#8221;none&#8221; column_shadow=&#8221;none&#8221; column_border_radius=&#8221;none&#8221; column_link_target=&#8221;_self&#8221; column_position=&#8221;default&#8221; gradient_direction=&#8221;left_to_right&#8221; overlay_strength=&#8221;0.3&#8243; width=&#8221;1\/1&#8243; tablet_width_inherit=&#8221;default&#8221; animation_type=&#8221;default&#8221; bg_image_animation=&#8221;none&#8221; border_type=&#8221;simple&#8221; column_border_width=&#8221;none&#8221; column_border_style=&#8221;solid&#8221;][vc_row_inner column_margin=&#8221;default&#8221; column_direction=&#8221;default&#8221; column_direction_tablet=&#8221;default&#8221; column_direction_phone=&#8221;default&#8221; text_align=&#8221;left&#8221; row_position=&#8221;default&#8221; row_position_tablet=&#8221;inherit&#8221; row_position_phone=&#8221;inherit&#8221; overflow=&#8221;visible&#8221; pointer_events=&#8221;all&#8221;][vc_column_inner column_padding=&#8221;no-extra-padding&#8221; column_padding_tablet=&#8221;inherit&#8221; column_padding_phone=&#8221;inherit&#8221; column_padding_position=&#8221;all&#8221; column_element_direction_desktop=&#8221;default&#8221; column_element_spacing=&#8221;default&#8221; desktop_text_alignment=&#8221;default&#8221; tablet_text_alignment=&#8221;default&#8221; phone_text_alignment=&#8221;default&#8221; background_color_opacity=&#8221;1&#8243; background_hover_color_opacity=&#8221;1&#8243; column_backdrop_filter=&#8221;none&#8221; column_shadow=&#8221;none&#8221; column_border_radius=&#8221;none&#8221; column_link_target=&#8221;_self&#8221; overflow=&#8221;visible&#8221; gradient_direction=&#8221;left_to_right&#8221; overlay_strength=&#8221;0.3&#8243; width=&#8221;1\/1&#8243; tablet_width_inherit=&#8221;default&#8221; animation_type=&#8221;default&#8221; bg_image_animation=&#8221;none&#8221; border_type=&#8221;simple&#8221; column_border_width=&#8221;none&#8221; column_border_style=&#8221;solid&#8221;][vc_column_text css=&#8221;&#8221; text_direction=&#8221;default&#8221;]\n<h1><strong>IMPRINT\u00a0<\/strong><\/h1>\n<p><strong>FORMETALL KG<\/strong><br \/>\ndes G\u00f6gele M. &amp; Co.<br \/>\nVia Plata 26<br \/>\n39013 Plata\/Moso in Passiria<\/p>\n<p>T +39 0473 649 051<br \/>\n<a rel=\"noopener\">info@formetall.it<\/a><\/p>\n<p><strong>Partita IVA\/Codice Fiscale:<\/strong> 02339680213<br \/>\n<strong>Codice destinatario:<\/strong> MU5XCR1<\/p>\n<p><strong>Rappresentante legale<\/strong><br \/>\nMarkus G\u00f6gele<\/p>\n<p><strong>Responsabile del contenuto editoriale<\/strong><br \/>\nMarkus G\u00f6gele<\/p>\n<p><strong>DESIGN E PROGRAMMAZIONE<\/strong><br \/>\nfahrner web . grafik<\/p>\n<p><strong>FOTO E VIDEO<\/strong><br \/>\nFormetall KG<\/p>\n<p><strong>Risoluzione delle controversie dei consumatori<\/strong><br \/>\nInformazione obbligatoria ai sensi del Regolamento UE n. 524\/2013 del Parlamento Europeo e del Consiglio:<br \/>\nPiattaforma per la risoluzione online delle controversie dei consumatori (ODR) della Commissione Europea: <a href=\"https:\/\/ec.europa.eu\/\" target=\"_new\" rel=\"noopener\">https:\/\/ec.europa.eu\/<\/a><\/p>\n<h3><strong>1. Contenuti dell\u2019offerta online<\/strong><\/h3>\n<p>Ci impegniamo a fornire informazioni corrette e complete su questo sito web. Tuttavia, non ci assumiamo alcuna responsabilit\u00e0 o garanzia per l\u2019attualit\u00e0, l\u2019esattezza e la completezza delle informazioni fornite. Ci riserviamo il diritto di modificare o integrare le informazioni fornite senza preavviso.<\/p>\n<h3><strong>2. Riferimenti e link<\/strong><\/h3>\n<p>Nonostante un accurato controllo dei contenuti, non ci assumiamo alcuna responsabilit\u00e0 per i contenuti dei link esterni. La responsabilit\u00e0 per il contenuto delle pagine collegate \u00e8 esclusivamente dei rispettivi gestori.<\/p>\n<h3><strong>3. Copyright (diritto d\u2019autore e marchi)<\/strong><\/h3>\n<p>Il contenuto di questo sito web \u00e8 protetto da copyright. La riproduzione o l\u2019utilizzo in altre pubblicazioni elettroniche o stampate non \u00e8 consentito senza il nostro esplicito consenso.<\/p>\n<h3><strong>4. Protezione dei dati<\/strong><\/h3>\n<p>Ai sensi dell\u2019Art. 13 del Regolamento (UE) 2016\/679 sulla protezione delle persone fisiche con riguardo al trattamento dei dati personali, offriamo trasparenza sui dati raccolti:<\/p>\n<ul>\n<li>Potete richiedere la modifica, correzione e\/o cancellazione dei vostri dati personali (eccetto dati contabili) tramite <a rel=\"noopener\">info@formetall.it<\/a>.<\/li>\n<li>\u00c8 possibile navigare sul sito in modo anonimo. Se vi registrate a un servizio, vi sar\u00e0 richiesto di fornire il vostro nome e altri dati personali; l&#8217;inserimento di questi dati \u00e8 a vostra discrezione.<\/li>\n<li>I dati raccolti vengono salvati sui nostri server protetti e, tramite Google Analytics, vengono utilizzati solo internamente.<\/li>\n<li>I cookie (file di testo memorizzati localmente dal browser) ci aiutano a progettare il sito in modo ottimale secondo le vostre esigenze. I dati personali vengono salvati solo su vostra esplicita richiesta (ad esempio tramite moduli o login).<\/li>\n<li>I logfiles (dati di accesso alle pagine) vengono analizzati statisticamente per individuare trend e migliorare il servizio.<\/li>\n<\/ul>\n<h3><strong>5. Validit\u00e0 legale<\/strong><\/h3>\n<p>Qualora parti o singole formulazioni di questo testo non siano conformi alla normativa vigente, le restanti parti del documento restano valide nel contenuto e nella loro efficacia. Utilizzando il sito, non si creano contratti o diritti. Eventuali controversie saranno risolte presso il tribunale competente per noi.<\/p>\n<p><strong>Esclusione di responsabilit\u00e0:<\/strong><br \/>\nQuesto sito web contiene riferimenti a pagine esterne, gestite da operatori esterni e fuori dal nostro controllo. Non possiamo garantire n\u00e9 assumere responsabilit\u00e0 per il loro contenuto, che \u00e8 esclusivamente a carico dei rispettivi gestori. Al momento della creazione dei link, i contenuti esterni non presentavano violazioni palesi.<br \/>\nLe nostre opinioni potrebbero differire da quelle presenti su siti esterni. Anche se il nostro sito viene regolarmente aggiornato, non garantiamo la correttezza, la legalit\u00e0, l&#8217;attualit\u00e0, la completezza o la disponibilit\u00e0 delle informazioni fornite.[\/vc_column_text][\/vc_column_inner][\/vc_row_inner][\/vc_column][\/vc_row]\n","protected":false},"excerpt":{"rendered":"<p>[vc_row type=&#8221;in_container&#8221; full_screen_row_position=&#8221;middle&#8221; column_margin=&#8221;default&#8221; column_direction=&#8221;default&#8221; column_direction_tablet=&#8221;default&#8221; column_direction_phone=&#8221;default&#8221; scene_position=&#8221;center&#8221; text_color=&#8221;dark&#8221; text_align=&#8221;left&#8221; row_border_radius=&#8221;none&#8221; row_border_radius_applies=&#8221;bg&#8221; overflow=&#8221;visible&#8221; overlay_strength=&#8221;0.3&#8243; gradient_direction=&#8221;left_to_right&#8221; shape_divider_position=&#8221;bottom&#8221; bg_image_animation=&#8221;none&#8221;][vc_column column_padding=&#8221;no-extra-padding&#8221; column_padding_tablet=&#8221;inherit&#8221; column_padding_phone=&#8221;inherit&#8221; column_padding_position=&#8221;all&#8221; column_element_direction_desktop=&#8221;default&#8221; column_element_spacing=&#8221;default&#8221; desktop_text_alignment=&#8221;default&#8221; tablet_text_alignment=&#8221;default&#8221; phone_text_alignment=&#8221;default&#8221; background_color_opacity=&#8221;1&#8243; background_hover_color_opacity=&#8221;1&#8243; column_backdrop_filter=&#8221;none&#8221; column_shadow=&#8221;none&#8221;&#8230;<\/p>\n","protected":false},"author":3,"featured_media":0,"parent":0,"menu_order":0,"comment_status":"closed","ping_status":"closed","template":"","meta":{"footnotes":""},"class_list":["post-443","page","type-page","status-publish"],"yoast_head":"<!-- This site is optimized with the Yoast SEO plugin v27.2 - https:\/\/yoast.com\/product\/yoast-seo-wordpress\/ -->\n<title>Imprint &#8211; Moderne und traditionelle Schmiedetechnik - Formetall KG<\/title>\n<meta name=\"robots\" content=\"index, follow, max-snippet:-1, max-image-preview:large, max-video-preview:-1\" \/>\n<link rel=\"canonical\" href=\"https:\/\/formetall.it\/it\/imprint\/\" \/>\n<meta property=\"og:locale\" content=\"it_IT\" \/>\n<meta property=\"og:type\" content=\"article\" \/>\n<meta property=\"og:title\" content=\"Imprint &#8211; Moderne und traditionelle Schmiedetechnik - Formetall KG\" \/>\n<meta property=\"og:description\" content=\"[vc_row type=&#8221;in_container&#8221; full_screen_row_position=&#8221;middle&#8221; column_margin=&#8221;default&#8221; column_direction=&#8221;default&#8221; column_direction_tablet=&#8221;default&#8221; column_direction_phone=&#8221;default&#8221; scene_position=&#8221;center&#8221; text_color=&#8221;dark&#8221; text_align=&#8221;left&#8221; row_border_radius=&#8221;none&#8221; row_border_radius_applies=&#8221;bg&#8221; overflow=&#8221;visible&#8221; overlay_strength=&#8221;0.3&#8243; gradient_direction=&#8221;left_to_right&#8221; shape_divider_position=&#8221;bottom&#8221; bg_image_animation=&#8221;none&#8221;][vc_column column_padding=&#8221;no-extra-padding&#8221; column_padding_tablet=&#8221;inherit&#8221; column_padding_phone=&#8221;inherit&#8221; column_padding_position=&#8221;all&#8221; column_element_direction_desktop=&#8221;default&#8221; column_element_spacing=&#8221;default&#8221; desktop_text_alignment=&#8221;default&#8221; tablet_text_alignment=&#8221;default&#8221; phone_text_alignment=&#8221;default&#8221; background_color_opacity=&#8221;1&#8243; background_hover_color_opacity=&#8221;1&#8243; column_backdrop_filter=&#8221;none&#8221; column_shadow=&#8221;none&#8221;...\" \/>\n<meta property=\"og:url\" content=\"https:\/\/formetall.it\/it\/imprint\/\" \/>\n<meta property=\"og:site_name\" content=\"Moderne und traditionelle Schmiedetechnik - Formetall KG\" \/>\n<meta property=\"article:modified_time\" content=\"2025-01-22T07:50:54+00:00\" \/>\n<meta property=\"og:image\" content=\"https:\/\/formetall.it\/wp-content\/uploads\/2023\/10\/gelaender.jpg\" \/>\n\t<meta property=\"og:image:width\" content=\"495\" \/>\n\t<meta property=\"og:image:height\" content=\"350\" \/>\n\t<meta property=\"og:image:type\" content=\"image\/jpeg\" \/>\n<meta name=\"twitter:card\" content=\"summary_large_image\" \/>\n<meta name=\"twitter:label1\" content=\"Tempo di lettura stimato\" \/>\n\t<meta name=\"twitter:data1\" content=\"4 minuti\" \/>\n<script type=\"application\/ld+json\" class=\"yoast-schema-graph\">{\"@context\":\"https:\/\/schema.org\",\"@graph\":[{\"@type\":\"WebPage\",\"@id\":\"https:\/\/formetall.it\/it\/imprint\/\",\"url\":\"https:\/\/formetall.it\/it\/imprint\/\",\"name\":\"Imprint &#8211; Moderne und traditionelle Schmiedetechnik - Formetall KG\",\"isPartOf\":{\"@id\":\"https:\/\/formetall.it\/#website\"},\"datePublished\":\"2025-01-22T07:11:24+00:00\",\"dateModified\":\"2025-01-22T07:50:54+00:00\",\"breadcrumb\":{\"@id\":\"https:\/\/formetall.it\/it\/imprint\/#breadcrumb\"},\"inLanguage\":\"it-IT\",\"potentialAction\":[{\"@type\":\"ReadAction\",\"target\":[\"https:\/\/formetall.it\/it\/imprint\/\"]}]},{\"@type\":\"BreadcrumbList\",\"@id\":\"https:\/\/formetall.it\/it\/imprint\/#breadcrumb\",\"itemListElement\":[{\"@type\":\"ListItem\",\"position\":1,\"name\":\"Startseite\",\"item\":\"https:\/\/formetall.it\/it\/\"},{\"@type\":\"ListItem\",\"position\":2,\"name\":\"Imprint\"}]},{\"@type\":\"WebSite\",\"@id\":\"https:\/\/formetall.it\/#website\",\"url\":\"https:\/\/formetall.it\/\",\"name\":\"Moderne und traditionelle Schmiedetechnik - Formetall KG\",\"description\":\"Schmiedekunst und Schlosserarbeiten im Passeiertal\",\"publisher\":{\"@id\":\"https:\/\/formetall.it\/#organization\"},\"potentialAction\":[{\"@type\":\"SearchAction\",\"target\":{\"@type\":\"EntryPoint\",\"urlTemplate\":\"https:\/\/formetall.it\/?s={search_term_string}\"},\"query-input\":{\"@type\":\"PropertyValueSpecification\",\"valueRequired\":true,\"valueName\":\"search_term_string\"}}],\"inLanguage\":\"it-IT\"},{\"@type\":\"Organization\",\"@id\":\"https:\/\/formetall.it\/#organization\",\"name\":\"Moderne und traditionelle Schmiedetechnik - Formetall KG\",\"url\":\"https:\/\/formetall.it\/\",\"logo\":{\"@type\":\"ImageObject\",\"inLanguage\":\"it-IT\",\"@id\":\"https:\/\/formetall.it\/#\/schema\/logo\/image\/\",\"url\":\"https:\/\/formetall.it\/wp-content\/uploads\/2023\/10\/formetall-logo.png\",\"contentUrl\":\"https:\/\/formetall.it\/wp-content\/uploads\/2023\/10\/formetall-logo.png\",\"width\":400,\"height\":338,\"caption\":\"Moderne und traditionelle Schmiedetechnik - Formetall KG\"},\"image\":{\"@id\":\"https:\/\/formetall.it\/#\/schema\/logo\/image\/\"}}]}<\/script>\n<!-- \/ Yoast SEO plugin. -->","yoast_head_json":{"title":"Imprint &#8211; Moderne und traditionelle Schmiedetechnik - Formetall KG","robots":{"index":"index","follow":"follow","max-snippet":"max-snippet:-1","max-image-preview":"max-image-preview:large","max-video-preview":"max-video-preview:-1"},"canonical":"https:\/\/formetall.it\/it\/imprint\/","og_locale":"it_IT","og_type":"article","og_title":"Imprint &#8211; Moderne und traditionelle Schmiedetechnik - Formetall KG","og_description":"[vc_row type=&#8221;in_container&#8221; full_screen_row_position=&#8221;middle&#8221; column_margin=&#8221;default&#8221; column_direction=&#8221;default&#8221; column_direction_tablet=&#8221;default&#8221; column_direction_phone=&#8221;default&#8221; scene_position=&#8221;center&#8221; text_color=&#8221;dark&#8221; text_align=&#8221;left&#8221; row_border_radius=&#8221;none&#8221; row_border_radius_applies=&#8221;bg&#8221; overflow=&#8221;visible&#8221; overlay_strength=&#8221;0.3&#8243; gradient_direction=&#8221;left_to_right&#8221; shape_divider_position=&#8221;bottom&#8221; bg_image_animation=&#8221;none&#8221;][vc_column column_padding=&#8221;no-extra-padding&#8221; column_padding_tablet=&#8221;inherit&#8221; column_padding_phone=&#8221;inherit&#8221; column_padding_position=&#8221;all&#8221; column_element_direction_desktop=&#8221;default&#8221; column_element_spacing=&#8221;default&#8221; desktop_text_alignment=&#8221;default&#8221; tablet_text_alignment=&#8221;default&#8221; phone_text_alignment=&#8221;default&#8221; background_color_opacity=&#8221;1&#8243; background_hover_color_opacity=&#8221;1&#8243; column_backdrop_filter=&#8221;none&#8221; column_shadow=&#8221;none&#8221;...","og_url":"https:\/\/formetall.it\/it\/imprint\/","og_site_name":"Moderne und traditionelle Schmiedetechnik - Formetall KG","article_modified_time":"2025-01-22T07:50:54+00:00","og_image":[{"width":495,"height":350,"url":"https:\/\/formetall.it\/wp-content\/uploads\/2023\/10\/gelaender.jpg","type":"image\/jpeg"}],"twitter_card":"summary_large_image","twitter_misc":{"Tempo di lettura stimato":"4 minuti"},"schema":{"@context":"https:\/\/schema.org","@graph":[{"@type":"WebPage","@id":"https:\/\/formetall.it\/it\/imprint\/","url":"https:\/\/formetall.it\/it\/imprint\/","name":"Imprint &#8211; Moderne und traditionelle Schmiedetechnik - Formetall KG","isPartOf":{"@id":"https:\/\/formetall.it\/#website"},"datePublished":"2025-01-22T07:11:24+00:00","dateModified":"2025-01-22T07:50:54+00:00","breadcrumb":{"@id":"https:\/\/formetall.it\/it\/imprint\/#breadcrumb"},"inLanguage":"it-IT","potentialAction":[{"@type":"ReadAction","target":["https:\/\/formetall.it\/it\/imprint\/"]}]},{"@type":"BreadcrumbList","@id":"https:\/\/formetall.it\/it\/imprint\/#breadcrumb","itemListElement":[{"@type":"ListItem","position":1,"name":"Startseite","item":"https:\/\/formetall.it\/it\/"},{"@type":"ListItem","position":2,"name":"Imprint"}]},{"@type":"WebSite","@id":"https:\/\/formetall.it\/#website","url":"https:\/\/formetall.it\/","name":"Moderne und traditionelle Schmiedetechnik - Formetall KG","description":"Schmiedekunst und Schlosserarbeiten im Passeiertal","publisher":{"@id":"https:\/\/formetall.it\/#organization"},"potentialAction":[{"@type":"SearchAction","target":{"@type":"EntryPoint","urlTemplate":"https:\/\/formetall.it\/?s={search_term_string}"},"query-input":{"@type":"PropertyValueSpecification","valueRequired":true,"valueName":"search_term_string"}}],"inLanguage":"it-IT"},{"@type":"Organization","@id":"https:\/\/formetall.it\/#organization","name":"Moderne und traditionelle Schmiedetechnik - Formetall KG","url":"https:\/\/formetall.it\/","logo":{"@type":"ImageObject","inLanguage":"it-IT","@id":"https:\/\/formetall.it\/#\/schema\/logo\/image\/","url":"https:\/\/formetall.it\/wp-content\/uploads\/2023\/10\/formetall-logo.png","contentUrl":"https:\/\/formetall.it\/wp-content\/uploads\/2023\/10\/formetall-logo.png","width":400,"height":338,"caption":"Moderne und traditionelle Schmiedetechnik - Formetall KG"},"image":{"@id":"https:\/\/formetall.it\/#\/schema\/logo\/image\/"}}]}},"_links":{"self":[{"href":"https:\/\/formetall.it\/it\/wp-json\/wp\/v2\/pages\/443","targetHints":{"allow":["GET"]}}],"collection":[{"href":"https:\/\/formetall.it\/it\/wp-json\/wp\/v2\/pages"}],"about":[{"href":"https:\/\/formetall.it\/it\/wp-json\/wp\/v2\/types\/page"}],"author":[{"embeddable":true,"href":"https:\/\/formetall.it\/it\/wp-json\/wp\/v2\/users\/3"}],"replies":[{"embeddable":true,"href":"https:\/\/formetall.it\/it\/wp-json\/wp\/v2\/comments?post=443"}],"version-history":[{"count":5,"href":"https:\/\/formetall.it\/it\/wp-json\/wp\/v2\/pages\/443\/revisions"}],"predecessor-version":[{"id":454,"href":"https:\/\/formetall.it\/it\/wp-json\/wp\/v2\/pages\/443\/revisions\/454"}],"wp:attachment":[{"href":"https:\/\/formetall.it\/it\/wp-json\/wp\/v2\/media?parent=443"}],"curies":[{"name":"wp","href":"https:\/\/api.w.org\/{rel}","templated":true}]}}